{"id":507,"date":"2011-05-16T19:22:27","date_gmt":"2011-05-16T18:22:27","guid":{"rendered":"http:\/\/familjen.larsen.vc\/?page_id=507"},"modified":"2024-12-05T17:26:40","modified_gmt":"2024-12-05T16:26:40","slug":"elias-onskelista","status":"publish","type":"page","link":"https:\/\/familjen.larsen.vc\/?page_id=507","title":{"rendered":"Elias&#8217; \u00f6nskelista"},"content":{"rendered":"<p>Detta \u00e4r Elias&#8217; \u00f6nskelista<\/p>\n<ul>\n<li>Presentkort p\u00e5 Jack&#038;Jones<\\li>\n<li>Presentkort p\u00e5 Dressman\n<li>Pengar till resa<\/li>\n<li>H\u00f6gtalare ( stora med mycket bass )<\/li>\n<li>Skejtskor 43 &#8211; 44<\/li>\n<\/ul>\n","protected":false},"excerpt":{"rendered":"<p>Detta \u00e4r Elias&#8217; \u00f6nskelista Presentkort p\u00e5 Jack&#038;Jones Presentkort p\u00e5 Dressman Pengar till resa H\u00f6gtalare ( stora med mycket bass ) Skejtskor 43 &#8211; 44<\/p>\n","protected":false},"author":1,"featured_media":0,"parent":305,"menu_order":4,"comment_status":"closed","ping_status":"open","template":"","meta":{"footnotes":""},"class_list":["post-507","page","type-page","status-publish","hentry"],"_links":{"self":[{"href":"https:\/\/familjen.larsen.vc\/index.php?rest_route=\/wp\/v2\/pages\/507","targetHints":{"allow":["GET"]}}],"collection":[{"href":"https:\/\/familjen.larsen.vc\/index.php?rest_route=\/wp\/v2\/pages"}],"about":[{"href":"https:\/\/familjen.larsen.vc\/index.php?rest_route=\/wp\/v2\/types\/page"}],"author":[{"embeddable":true,"href":"https:\/\/familjen.larsen.vc\/index.php?rest_route=\/wp\/v2\/users\/1"}],"replies":[{"embeddable":true,"href":"https:\/\/familjen.larsen.vc\/index.php?rest_route=%2Fwp%2Fv2%2Fcomments&post=507"}],"version-history":[{"count":14,"href":"https:\/\/familjen.larsen.vc\/index.php?rest_route=\/wp\/v2\/pages\/507\/revisions"}],"predecessor-version":[{"id":9045,"href":"https:\/\/familjen.larsen.vc\/index.php?rest_route=\/wp\/v2\/pages\/507\/revisions\/9045"}],"up":[{"embeddable":true,"href":"https:\/\/familjen.larsen.vc\/index.php?rest_route=\/wp\/v2\/pages\/305"}],"wp:attachment":[{"href":"https:\/\/familjen.larsen.vc\/index.php?rest_route=%2Fwp%2Fv2%2Fmedia&parent=507"}],"curies":[{"name":"wp","href":"https:\/\/api.w.org\/{rel}","templated":true}]}}