{"id":2204,"date":"2017-04-14T08:50:09","date_gmt":"2017-04-14T07:50:09","guid":{"rendered":"http:\/\/familjen.larsen.vc\/?page_id=2204"},"modified":"2021-01-03T17:02:20","modified_gmt":"2021-01-03T16:02:20","slug":"till-salu","status":"publish","type":"page","link":"https:\/\/familjen.larsen.vc\/?page_id=2204","title":{"rendered":"Till Salu!"},"content":{"rendered":"<h1>Litsdesignade Dukar<\/h1>\n<p>Det h\u00e4r \u00e4r dukar som jag &#8221;J\u00f6rgen Larsen&#8221; designat sj\u00e4lv. Best\u00e4llning kan ske enligt \u00f6verenskommelse och priserna \u00e4r tyv\u00e4rr dagspriser, d\u00e5 b\u00e5de kronkursen, frakt- och tullavgifter r\u00e4knas in. Priserna som presenteras vid varje duk, \u00e4r de priser som g\u00e4llde vid senaste leveransen!<\/p>\n<p>Dukarnas storlek \u00e4r designade med ett nedh\u00e4ng p\u00e5 20 cm p\u00e5 varje sida.<\/p>\n<p>Vid storleksbest\u00e4llning (n\u00e4r ni inte vill ha de f\u00f6rutbest\u00e4mda storlekarna), anger ni <em><strong>bordets faktiska l\u00e4ngder i cm &#8211; L\u00e4ngd x Bredd, D\u00e4refter anger ni Nedh\u00e4ng i cm.<\/strong><\/em><br \/>\n(Ex. Ett bord har m\u00e5tten <strong>100cm x 260cm, och man vill ha ett nedh\u00e4ng p\u00e5 20cm\/sida<\/strong>. <em>Dukens storlek blir d\u00e5 140&#215;300 cm.<\/em><\/p>\n<p>Ange dukens namn vid best\u00e4llning &#8211; Betalning sker efter leverans.<\/p>\n<h2><h2 id=\"tablepress-11-name\" class=\"tablepress-table-name tablepress-table-name-id-11\">Presentation av Dukar<\/h2>\n<span id=\"tablepress-11-description\" class=\"tablepress-table-description tablepress-table-description-id-11\">Prover p\u00e5 dukarna kan ses och k\u00e4nnas p\u00e5 vid \u00f6verenskommelse med mig.<br \/>\nTv\u00e4ttr\u00e5den lyder: Tv\u00e4ttas i 30 grader utan sk\u00f6ljmedel. H\u00e4ngtorkas. F\u00e5r ej torktumlas.<br \/>\n<a href=\"https:\/\/familjen.larsen.vc\/wp-content\/uploads\/2021\/01\/washing.jpg\"><img loading=\"lazy\" decoding=\"async\" src=\"https:\/\/familjen.larsen.vc\/wp-content\/uploads\/2021\/01\/washing-300x48.jpg\" alt=\"\" width=\"300\" height=\"48\" class=\"alignleft size-medium wp-image-4055\" srcset=\"https:\/\/familjen.larsen.vc\/wp-content\/uploads\/2021\/01\/washing-300x48.jpg 300w, https:\/\/familjen.larsen.vc\/wp-content\/uploads\/2021\/01\/washing-768x122.jpg 768w, https:\/\/familjen.larsen.vc\/wp-content\/uploads\/2021\/01\/washing.jpg 863w\" sizes=\"auto, (max-width: 300px) 100vw, 300px\" \/><\/a><\/span>\n\n<table id=\"tablepress-11\" class=\"tablepress tablepress-id-11\" aria-labelledby=\"tablepress-11-name\" aria-describedby=\"tablepress-11-description\">\n<thead>\n<tr class=\"row-1\">\n\t<th class=\"column-1\"><div id=\"attachment_4037\" style=\"width: 310px\" class=\"wp-caption alignleft\"><a href=\"https:\/\/familjen.larsen.vc\/wp-content\/uploads\/2021\/01\/Motif_1_140_300-1.jpg\"><img loading=\"lazy\" decoding=\"async\" aria-describedby=\"caption-attachment-4037\" src=\"https:\/\/familjen.larsen.vc\/wp-content\/uploads\/2021\/01\/Motif_1_140_300-1-300x140.jpg\" alt=\"\" width=\"300\" height=\"140\" class=\"size-medium wp-image-4037\" srcset=\"https:\/\/familjen.larsen.vc\/wp-content\/uploads\/2021\/01\/Motif_1_140_300-1-300x140.jpg 300w, https:\/\/familjen.larsen.vc\/wp-content\/uploads\/2021\/01\/Motif_1_140_300-1.jpg 600w\" sizes=\"auto, (max-width: 300px) 100vw, 300px\" \/><\/a><p id=\"caption-attachment-4037\" class=\"wp-caption-text\">Motif 1 140 300. Julduk Motif 1 \u00e4r en duk med ett t\u00e4nkt nedh\u00e4ng p\u00e5 20 cm p\u00e5 varje sida av bordet. P\u00e5 ett bord med bredden 100cm, ligger tomteraden i kant med bordsskivan.<\/p><\/div><\/th><th class=\"column-2\"><strong>Motif 1<br \/>\nStorlek: 140x300<br \/>\nSenaste pris: 350 kr.\/st.<\/th>\n<\/tr>\n<\/thead>\n<tbody class=\"row-striping row-hover\">\n<tr class=\"row-2\">\n\t<td class=\"column-1\"><div id=\"attachment_4039\" style=\"width: 310px\" class=\"wp-caption alignleft\"><a href=\"https:\/\/familjen.larsen.vc\/wp-content\/uploads\/2021\/01\/Motif_2__140_300.jpg\"><img loading=\"lazy\" decoding=\"async\" aria-describedby=\"caption-attachment-4039\" src=\"https:\/\/familjen.larsen.vc\/wp-content\/uploads\/2021\/01\/Motif_2__140_300-300x140.jpg\" alt=\"\" width=\"300\" height=\"140\" class=\"size-medium wp-image-4039\" srcset=\"https:\/\/familjen.larsen.vc\/wp-content\/uploads\/2021\/01\/Motif_2__140_300-300x140.jpg 300w, https:\/\/familjen.larsen.vc\/wp-content\/uploads\/2021\/01\/Motif_2__140_300.jpg 600w\" sizes=\"auto, (max-width: 300px) 100vw, 300px\" \/><\/a><p id=\"caption-attachment-4039\" class=\"wp-caption-text\">Motif 2 140 300. Julduk Motif 2 \u00e4r en duk med ett t\u00e4nkt nedh\u00e4ng p\u00e5 20 cm p\u00e5 varje sida av bordet. P\u00e5 ett bord som \u00e4r 100 cm brett, ligger den inre sidan av den breda r\u00f6da delen vid bordskivans kant.<\/p><\/div><\/td><td class=\"column-2\"><strong>Motif 2<br \/>\nStorlek: 140x300<br \/>\nSenaste pris: 350 kr.\/st.<\/td>\n<\/tr>\n<tr class=\"row-3\">\n\t<td class=\"column-1\"><div id=\"attachment_4040\" style=\"width: 310px\" class=\"wp-caption alignleft\"><a href=\"https:\/\/familjen.larsen.vc\/wp-content\/uploads\/2021\/01\/Motif_3_120_220.jpg\"><img loading=\"lazy\" decoding=\"async\" aria-describedby=\"caption-attachment-4040\" src=\"https:\/\/familjen.larsen.vc\/wp-content\/uploads\/2021\/01\/Motif_3_120_220-300x164.jpg\" alt=\"\" width=\"300\" height=\"164\" class=\"size-medium wp-image-4040\" srcset=\"https:\/\/familjen.larsen.vc\/wp-content\/uploads\/2021\/01\/Motif_3_120_220-300x164.jpg 300w, https:\/\/familjen.larsen.vc\/wp-content\/uploads\/2021\/01\/Motif_3_120_220.jpg 600w\" sizes=\"auto, (max-width: 300px) 100vw, 300px\" \/><\/a><p id=\"caption-attachment-4040\" class=\"wp-caption-text\">Motif 3 120x220 och 140 300. Midsommarduk Motif 3 \u00e4r en duk med ett t\u00e4nkt nedh\u00e4ng p\u00e5 20 cm p\u00e5 varje sida av bordet. Med storleken 140x300 p\u00e5 ett bord som \u00e4r 100 cm brett, ligger den inre blomraden vid bordskanten.<\/p><\/div><\/td><td class=\"column-2\"><strong>Motif 3<br \/>\nStorlek: 140x300<br \/>\nSenaste pris: 350 kr.\/st.<br \/>\nStorlek 120x220<br \/>\nSenaste pris: 300 kr.\/st.<\/td>\n<\/tr>\n<tr class=\"row-4\">\n\t<td class=\"column-1\"><div id=\"attachment_4047\" style=\"width: 310px\" class=\"wp-caption alignleft\"><a href=\"https:\/\/familjen.larsen.vc\/wp-content\/uploads\/2021\/01\/Motif_4_120_220.jpg\"><img loading=\"lazy\" decoding=\"async\" aria-describedby=\"caption-attachment-4047\" src=\"https:\/\/familjen.larsen.vc\/wp-content\/uploads\/2021\/01\/Motif_4_120_220-300x163.jpg\" alt=\"\" width=\"300\" height=\"163\" class=\"size-medium wp-image-4047\" srcset=\"https:\/\/familjen.larsen.vc\/wp-content\/uploads\/2021\/01\/Motif_4_120_220-300x163.jpg 300w, https:\/\/familjen.larsen.vc\/wp-content\/uploads\/2021\/01\/Motif_4_120_220.jpg 600w\" sizes=\"auto, (max-width: 300px) 100vw, 300px\" \/><\/a><p id=\"caption-attachment-4047\" class=\"wp-caption-text\">Motif 4. Kr\u00e4ftskiveduk Motif 4 \u00e4r en duk som kan f\u00e5s i \u00f6nskad storlek. Motivet f\u00f6rdelas p\u00e5 hela dukens storlek.<\/p><\/div><\/td><td class=\"column-2\"><strong>Motif 4<br \/>\nStorlek: 120x220<br \/>\nSenaste pris: 300 kr.\/st.<\/td>\n<\/tr>\n<tr class=\"row-5\">\n\t<td class=\"column-1\"><div id=\"attachment_4048\" style=\"width: 310px\" class=\"wp-caption alignleft\"><a href=\"https:\/\/familjen.larsen.vc\/wp-content\/uploads\/2021\/01\/Motif_5_140_300.jpg\"><img loading=\"lazy\" decoding=\"async\" aria-describedby=\"caption-attachment-4048\" src=\"https:\/\/familjen.larsen.vc\/wp-content\/uploads\/2021\/01\/Motif_5_140_300-300x140.jpg\" alt=\"\" width=\"300\" height=\"140\" class=\"size-medium wp-image-4048\" srcset=\"https:\/\/familjen.larsen.vc\/wp-content\/uploads\/2021\/01\/Motif_5_140_300-300x140.jpg 300w, https:\/\/familjen.larsen.vc\/wp-content\/uploads\/2021\/01\/Motif_5_140_300.jpg 600w\" sizes=\"auto, (max-width: 300px) 100vw, 300px\" \/><\/a><p id=\"caption-attachment-4048\" class=\"wp-caption-text\">Motif 5. Julduk med Motif 5 \u00e4r en duk som kan f\u00e5s i \u00f6nskad storlek. M\u00f6nstret f\u00f6rdelas \u00f6ver hela dukens storlek.<\/p><\/div><\/td><td class=\"column-2\"><strong>Motif 5<br \/>\nStorlek: 140x300<br \/>\nSenaste pris: 350 kr.\/st.<\/td>\n<\/tr>\n<tr class=\"row-6\">\n\t<td class=\"column-1\"><div id=\"attachment_4049\" style=\"width: 310px\" class=\"wp-caption alignleft\"><a href=\"https:\/\/familjen.larsen.vc\/wp-content\/uploads\/2021\/01\/Motif_6__140_300.jpg\"><img loading=\"lazy\" decoding=\"async\" aria-describedby=\"caption-attachment-4049\" src=\"https:\/\/familjen.larsen.vc\/wp-content\/uploads\/2021\/01\/Motif_6__140_300-300x140.jpg\" alt=\"\" width=\"300\" height=\"140\" class=\"size-medium wp-image-4049\" srcset=\"https:\/\/familjen.larsen.vc\/wp-content\/uploads\/2021\/01\/Motif_6__140_300-300x140.jpg 300w, https:\/\/familjen.larsen.vc\/wp-content\/uploads\/2021\/01\/Motif_6__140_300.jpg 600w\" sizes=\"auto, (max-width: 300px) 100vw, 300px\" \/><\/a><p id=\"caption-attachment-4049\" class=\"wp-caption-text\">Motif 6 140x300. P\u00e5skduk Motif 6 \u00e4r en duk anpassad f\u00f6r ett bord i storleken 100x260, d\u00e4r underkanten p\u00e5 det gr\u00f6na gr\u00e4set ligger vid kanten av bordsskivan.<\/p><\/div><\/td><td class=\"column-2\"><strong>Motif 6<br \/>\nStorlek: 140x300<br \/>\nSenaste pris: 350 kr.\/st.<\/td>\n<\/tr>\n<tr class=\"row-7\">\n\t<td class=\"column-1\"><div id=\"attachment_4052\" style=\"width: 310px\" class=\"wp-caption alignleft\"><a href=\"https:\/\/familjen.larsen.vc\/wp-content\/uploads\/2021\/01\/Motif_7_140_300_02.jpg\"><img loading=\"lazy\" decoding=\"async\" aria-describedby=\"caption-attachment-4052\" src=\"https:\/\/familjen.larsen.vc\/wp-content\/uploads\/2021\/01\/Motif_7_140_300_02-300x140.jpg\" alt=\"\" width=\"300\" height=\"140\" class=\"size-medium wp-image-4052\" srcset=\"https:\/\/familjen.larsen.vc\/wp-content\/uploads\/2021\/01\/Motif_7_140_300_02-300x140.jpg 300w, https:\/\/familjen.larsen.vc\/wp-content\/uploads\/2021\/01\/Motif_7_140_300_02.jpg 600w\" sizes=\"auto, (max-width: 300px) 100vw, 300px\" \/><\/a><p id=\"caption-attachment-4052\" class=\"wp-caption-text\">Motif 7. Ny\u00e5rsduk med Motif 7 \u00e4r en duk anpassad f\u00f6r ett bord i storleken 100 x 260 d\u00e4r den innersta guldramen ligger vid bordsskivans kant. Texten i mittpartiet p\u00e5 duken \u00e4r \"Gott Nytt \u00c5r\" p\u00e5 ett antal olika spr\u00e5k.<\/p><\/div><\/td><td class=\"column-2\"><strong>Motif 7<br \/>\nStorlek: 140x300<br \/>\nSenaste pris: 350 kr.\/st.<\/td>\n<\/tr>\n<tr class=\"row-8\">\n\t<td class=\"column-1\"><div id=\"attachment_4050\" style=\"width: 310px\" class=\"wp-caption alignleft\"><a href=\"https:\/\/familjen.larsen.vc\/wp-content\/uploads\/2021\/01\/Motif_8_135x310.jpg\"><img loading=\"lazy\" decoding=\"async\" aria-describedby=\"caption-attachment-4050\" src=\"https:\/\/familjen.larsen.vc\/wp-content\/uploads\/2021\/01\/Motif_8_135x310-300x131.jpg\" alt=\"\" width=\"300\" height=\"131\" class=\"size-medium wp-image-4050\" srcset=\"https:\/\/familjen.larsen.vc\/wp-content\/uploads\/2021\/01\/Motif_8_135x310-300x131.jpg 300w, https:\/\/familjen.larsen.vc\/wp-content\/uploads\/2021\/01\/Motif_8_135x310.jpg 600w\" sizes=\"auto, (max-width: 300px) 100vw, 300px\" \/><\/a><p id=\"caption-attachment-4050\" class=\"wp-caption-text\">Motif 8 135x310. F\u00f6delsedagsduk Motif 8 \u00e4r en duk som \u00e4r anpassad f\u00f6r ett bord i storleken 95x270, d\u00e4r den vita ramen slutar vid bordsskivans kant.<\/p><\/div><\/td><td class=\"column-2\"><strong>Motif 8<br \/>\nStorlek: 135x310<br \/>\nSenaste pris: 350 kr.\/st.<\/td>\n<\/tr>\n<tr class=\"row-9\">\n\t<td class=\"column-1\"><div id=\"attachment_4051\" style=\"width: 310px\" class=\"wp-caption alignleft\"><a href=\"https:\/\/familjen.larsen.vc\/wp-content\/uploads\/2021\/01\/Motif_9_140_300.jpg\"><img loading=\"lazy\" decoding=\"async\" aria-describedby=\"caption-attachment-4051\" src=\"https:\/\/familjen.larsen.vc\/wp-content\/uploads\/2021\/01\/Motif_9_140_300-300x140.jpg\" alt=\"\" width=\"300\" height=\"140\" class=\"size-medium wp-image-4051\" srcset=\"https:\/\/familjen.larsen.vc\/wp-content\/uploads\/2021\/01\/Motif_9_140_300-300x140.jpg 300w, https:\/\/familjen.larsen.vc\/wp-content\/uploads\/2021\/01\/Motif_9_140_300.jpg 600w\" sizes=\"auto, (max-width: 300px) 100vw, 300px\" \/><\/a><p id=\"caption-attachment-4051\" class=\"wp-caption-text\">Motif 9. Halloweenduk Motif 9 \u00e4r en duk som kan f\u00e5s i \u00f6nskad storlek. M\u00f6nstret f\u00f6rdelas p\u00e5 hela dukens storlek.<\/p><\/div><\/td><td class=\"column-2\"><strong>Motif 9<br \/>\nStorlek: 140x300<br \/>\nSenaste pris: 350 kr.\/st.<\/td>\n<\/tr>\n<tr class=\"row-10\">\n\t<td class=\"column-1\"><div id=\"attachment_5040\" style=\"width: 310px\" class=\"wp-caption alignleft\"><a href=\"http:\/\/familjen.larsen.vc\/wp-content\/uploads\/2021\/07\/Motif_11A_100_100-2-scaled.jpg\"><img loading=\"lazy\" decoding=\"async\" aria-describedby=\"caption-attachment-5040\" src=\"http:\/\/familjen.larsen.vc\/wp-content\/uploads\/2021\/07\/Motif_11A_100_100-2-300x300.jpg\" alt=\"\" width=\"300\" height=\"300\" class=\"size-medium wp-image-5040\" srcset=\"https:\/\/familjen.larsen.vc\/wp-content\/uploads\/2021\/07\/Motif_11A_100_100-2-300x300.jpg 300w, https:\/\/familjen.larsen.vc\/wp-content\/uploads\/2021\/07\/Motif_11A_100_100-2-1024x1024.jpg 1024w, https:\/\/familjen.larsen.vc\/wp-content\/uploads\/2021\/07\/Motif_11A_100_100-2-150x150.jpg 150w, https:\/\/familjen.larsen.vc\/wp-content\/uploads\/2021\/07\/Motif_11A_100_100-2-768x768.jpg 768w, https:\/\/familjen.larsen.vc\/wp-content\/uploads\/2021\/07\/Motif_11A_100_100-2-1536x1536.jpg 1536w, https:\/\/familjen.larsen.vc\/wp-content\/uploads\/2021\/07\/Motif_11A_100_100-2-2048x2048.jpg 2048w\" sizes=\"auto, (max-width: 300px) 100vw, 300px\" \/><\/a><p id=\"caption-attachment-5040\" class=\"wp-caption-text\">Motif 11A 100x100. Julduk Motif 11A \u00e4r en duk anpassad f\u00f6r ett bord i storleken 70x70, d\u00e4r underkanten p\u00e5 tomtarna ligger vid kanten av bordsskivan. Nedh\u00e4ng 15cm.<\/p><\/div><\/td><td class=\"column-2\"><strong>Motif 11A<br \/>\nStorlek: 100x100<br \/>\nSenaste pris: ??? kr.\/st.<\/td>\n<\/tr>\n<tr class=\"row-11\">\n\t<td class=\"column-1\"><div id=\"attachment_5041\" style=\"width: 310px\" class=\"wp-caption alignleft\"><a href=\"http:\/\/familjen.larsen.vc\/wp-content\/uploads\/2021\/07\/Motif_11B_100_100-1-scaled.jpg\"><img loading=\"lazy\" decoding=\"async\" aria-describedby=\"caption-attachment-5041\" src=\"http:\/\/familjen.larsen.vc\/wp-content\/uploads\/2021\/07\/Motif_11B_100_100-1-300x300.jpg\" alt=\"\" width=\"300\" height=\"300\" class=\"size-medium wp-image-5041\" srcset=\"https:\/\/familjen.larsen.vc\/wp-content\/uploads\/2021\/07\/Motif_11B_100_100-1-300x300.jpg 300w, https:\/\/familjen.larsen.vc\/wp-content\/uploads\/2021\/07\/Motif_11B_100_100-1-1024x1024.jpg 1024w, https:\/\/familjen.larsen.vc\/wp-content\/uploads\/2021\/07\/Motif_11B_100_100-1-150x150.jpg 150w, https:\/\/familjen.larsen.vc\/wp-content\/uploads\/2021\/07\/Motif_11B_100_100-1-768x768.jpg 768w, https:\/\/familjen.larsen.vc\/wp-content\/uploads\/2021\/07\/Motif_11B_100_100-1-1536x1536.jpg 1536w, https:\/\/familjen.larsen.vc\/wp-content\/uploads\/2021\/07\/Motif_11B_100_100-1-2048x2048.jpg 2048w\" sizes=\"auto, (max-width: 300px) 100vw, 300px\" \/><\/a><p id=\"caption-attachment-5041\" class=\"wp-caption-text\">Motif 11B 100x100. Julduk Motif 11B \u00e4r en duk anpassad f\u00f6r ett bord i storleken 70x70, d\u00e4r underkanten av tomtarna ligger vid kanten av bordsskivan. Nedh\u00e4ng 15cm.<\/p><\/div><\/td><td class=\"column-2\"><strong>Motif 11B<br \/>\nStorlek: 100x100<br \/>\nSenaste pris: ??? kr.\/st.<\/td>\n<\/tr>\n<\/tbody>\n<\/table>\n<!-- #tablepress-11 from cache --><\/h2>\n<p>&nbsp;<\/p>\n","protected":false},"excerpt":{"rendered":"<p>Litsdesignade Dukar Det h\u00e4r \u00e4r dukar som jag &#8221;J\u00f6rgen Larsen&#8221; designat sj\u00e4lv. Best\u00e4llning kan ske enligt \u00f6verenskommelse och priserna \u00e4r tyv\u00e4rr dagspriser, d\u00e5 b\u00e5de kronkursen, frakt- och tullavgifter r\u00e4knas in. Priserna som presenteras vid varje duk, \u00e4r de priser som g\u00e4llde vid senaste leveransen! Dukarnas storlek \u00e4r designade med ett nedh\u00e4ng p\u00e5 20 cm p\u00e5 [&hellip;]<\/p>\n","protected":false},"author":1,"featured_media":0,"parent":0,"menu_order":0,"comment_status":"closed","ping_status":"closed","template":"","meta":{"footnotes":""},"class_list":["post-2204","page","type-page","status-publish","hentry"],"_links":{"self":[{"href":"https:\/\/familjen.larsen.vc\/index.php?rest_route=\/wp\/v2\/pages\/2204","targetHints":{"allow":["GET"]}}],"collection":[{"href":"https:\/\/familjen.larsen.vc\/index.php?rest_route=\/wp\/v2\/pages"}],"about":[{"href":"https:\/\/familjen.larsen.vc\/index.php?rest_route=\/wp\/v2\/types\/page"}],"author":[{"embeddable":true,"href":"https:\/\/familjen.larsen.vc\/index.php?rest_route=\/wp\/v2\/users\/1"}],"replies":[{"embeddable":true,"href":"https:\/\/familjen.larsen.vc\/index.php?rest_route=%2Fwp%2Fv2%2Fcomments&post=2204"}],"version-history":[{"count":21,"href":"https:\/\/familjen.larsen.vc\/index.php?rest_route=\/wp\/v2\/pages\/2204\/revisions"}],"predecessor-version":[{"id":4061,"href":"https:\/\/familjen.larsen.vc\/index.php?rest_route=\/wp\/v2\/pages\/2204\/revisions\/4061"}],"wp:attachment":[{"href":"https:\/\/familjen.larsen.vc\/index.php?rest_route=%2Fwp%2Fv2%2Fmedia&parent=2204"}],"curies":[{"name":"wp","href":"https:\/\/api.w.org\/{rel}","templated":true}]}}