{"id":1214,"date":"2012-12-21T11:08:54","date_gmt":"2012-12-21T10:08:54","guid":{"rendered":"http:\/\/familjen.larsen.vc\/?page_id=1214"},"modified":"2024-12-05T17:26:06","modified_gmt":"2024-12-05T16:26:06","slug":"ellies-onskelista","status":"publish","type":"page","link":"https:\/\/familjen.larsen.vc\/?page_id=1214","title":{"rendered":"Ellie&#8217;s \u00f6nskelista"},"content":{"rendered":"<div class=\"\">\n<div class=\"\" style=\"text-align: right;\">\u00a0<\/div>\n<\/div>\n<div class=\"\">\n<div class=\"\">\n<div><strong><a href=\"https:\/\/podstore.se\/produkt\/tygpase-mord-mot-mord\/\" target=\"_blank\" rel=\"noopener\"><span style=\"color: #ff6600;\">Mord mot mord tygp\u00e5se (beige)<\/span><\/a><\/strong><\/div>\n<div><span style=\"color: #ff6600;\"><strong><a style=\"color: #ff6600;\" href=\"https:\/\/www.podstore.se\/produkt\/sweatshirt-partillepodden\/\" target=\"_blank\" rel=\"noopener\">Sweatshirt &#8211; Partillepodden (Storlek M)<\/a><\/strong><\/span><\/div>\n<div>S\u00c4LLSKAPSSPEL<\/div>\n<div>Storytel l\u00e4splatta<\/div>\n<div><span style=\"color: #ff6600;\"><strong><a style=\"color: #ff6600;\" href=\"https:\/\/www.clasohlson.com\/se\/Fujifilm-Instax-Mini-film-fotopapper\/p\/38-7829\" target=\"_blank\" rel=\"noopener\">Polaroidkort<\/a><\/strong><\/span> till min mini print hihi<\/div>\n<div>Guldiga smycken, anv\u00e4nder mest \u00f6rh\u00e4ngen och ringar<\/div>\n<div>Vill ni se vilken typ av smycken jag \u00f6nskar b\u00e4ra kan ni se det <span style=\"color: #ff6600;\"><a style=\"color: #ff6600;\" href=\"https:\/\/pin.it\/56S61g0\" target=\"_blank\" rel=\"noopener\">h\u00e4r, <\/a><\/span>annars har <strong><span style=\"color: #ff6600;\"><a style=\"color: #ff6600;\" href=\"https:\/\/pill.se\" target=\"_blank\" rel=\"noopener\">Pill &amp; Punch<\/a><\/span><\/strong> m\u00e5nga fina smycken<\/div>\n<div>Ice ball maker (mold, kettle kitchen, typ <span style=\"color: #ff6600;\"><a style=\"color: #ff6600;\" href=\"https:\/\/m.lightinthebox.com\/p\/1pc-ice-ball-maker-kettle-kitchen-bar-accessories-gadgets-creative-ice-cube-mold-2-in-1-multifunctional-container-pot_p9555087.html?litb_from=paid_adwords_shopping&amp;sku=276_639114&amp;litb_from=paid_adwords_shopping&amp;utm_source=google_shopping&amp;utm_medium=cpc&amp;utm_campaign=17679622054&amp;adword_mt=&amp;adword_ct=&amp;adword_kw=&amp;adword_pos=&amp;adword_pl=&amp;adword_net=x&amp;adword_tar=&amp;adw_src_id=5459474558_17679622054__&amp;gbraid=0AAAAAD7vwYcTvKYu6cI7rjWePRDOJagqQ&amp;gclid=CjwKCAjwpJWoBhA8EiwAHZFzfsELTfOnknTeDagBoXecVYNo_6R8c7CLFjjoO9QeFRsprG1CWeV1LxoCxasQAvD_BwE\" target=\"_blank\" rel=\"noopener\">s\u00e5dan h\u00e4r<\/a><\/span>)<\/div>\n<div><span style=\"color: #ff6600;\"><strong><a style=\"color: #ff6600;\" href=\"https:\/\/www.amazon.se\/Urbanista-Ear-Bluetooth-h\u00f6rlurar-UTESTANDE-uppspelningstid-mikrofon\/dp\/B07DPC4K16\" target=\"_blank\" rel=\"noopener\">Urbanista Detroit h\u00f6rlurar<\/a><\/strong><\/span><\/div>\n<div>Symaskin (eller bidrag till en)<\/div>\n<div>Broderitr\u00e5d i olika f\u00e4rger<\/div>\n<div>Strumpstickor, 3.5 mm och 4mm<\/div>\n<div>\u00d6gonbrynskniv<\/div>\n<div>High rise biker shorts m. matchande top &#8211; <a href=\"https:\/\/www.stadium.se\/dam\/damklader\/shorts\/casualshorts\/317274108\/nike.w-nsw-essntl-bike-short-lbr-mr.diffused-taupe\" target=\"_blank\" rel=\"noopener\"><span style=\"color: #ff6600;\">inspiration<\/span><\/a>, <a href=\"https:\/\/www.stadium.se\/sport\/traning\/traningsklader\/317765101\/nike.w-np-365-short-7in-hi-rise.black-white\" target=\"_blank\" rel=\"noopener\"><span style=\"color: #ff6600;\">id\u00e9 <\/span><\/a><span style=\"color: #000000;\">(ofta i storlek M)<\/span><\/div>\n<div><span style=\"color: #000000;\"><strong>ELLER<\/strong> presentkort p\u00e5 Stadium<\/span><\/div>\n<div>Skal till iPhone 11 pro<\/div>\n<div>\u00a0<\/div>\n<\/div>\n<\/div>\n\n\n<p><\/p>\n","protected":false},"excerpt":{"rendered":"<p>\u00a0 Mord mot mord tygp\u00e5se (beige) Sweatshirt &#8211; Partillepodden (Storlek M) S\u00c4LLSKAPSSPEL Storytel l\u00e4splatta Polaroidkort till min mini print hihi Guldiga smycken, anv\u00e4nder mest \u00f6rh\u00e4ngen och ringar Vill ni se vilken typ av smycken jag \u00f6nskar b\u00e4ra kan ni se det h\u00e4r, annars har Pill &amp; Punch m\u00e5nga fina smycken Ice ball maker (mold, kettle [&hellip;]<\/p>\n","protected":false},"author":1,"featured_media":0,"parent":305,"menu_order":5,"comment_status":"closed","ping_status":"open","template":"","meta":{"footnotes":""},"class_list":["post-1214","page","type-page","status-publish","hentry"],"_links":{"self":[{"href":"https:\/\/familjen.larsen.vc\/index.php?rest_route=\/wp\/v2\/pages\/1214","targetHints":{"allow":["GET"]}}],"collection":[{"href":"https:\/\/familjen.larsen.vc\/index.php?rest_route=\/wp\/v2\/pages"}],"about":[{"href":"https:\/\/familjen.larsen.vc\/index.php?rest_route=\/wp\/v2\/types\/page"}],"author":[{"embeddable":true,"href":"https:\/\/familjen.larsen.vc\/index.php?rest_route=\/wp\/v2\/users\/1"}],"replies":[{"embeddable":true,"href":"https:\/\/familjen.larsen.vc\/index.php?rest_route=%2Fwp%2Fv2%2Fcomments&post=1214"}],"version-history":[{"count":36,"href":"https:\/\/familjen.larsen.vc\/index.php?rest_route=\/wp\/v2\/pages\/1214\/revisions"}],"predecessor-version":[{"id":9044,"href":"https:\/\/familjen.larsen.vc\/index.php?rest_route=\/wp\/v2\/pages\/1214\/revisions\/9044"}],"up":[{"embeddable":true,"href":"https:\/\/familjen.larsen.vc\/index.php?rest_route=\/wp\/v2\/pages\/305"}],"wp:attachment":[{"href":"https:\/\/familjen.larsen.vc\/index.php?rest_route=%2Fwp%2Fv2%2Fmedia&parent=1214"}],"curies":[{"name":"wp","href":"https:\/\/api.w.org\/{rel}","templated":true}]}}