{"id":1207,"date":"2012-12-12T12:38:11","date_gmt":"2012-12-12T11:38:11","guid":{"rendered":"http:\/\/familjen.larsen.vc\/?page_id=1207"},"modified":"2025-10-09T16:57:48","modified_gmt":"2025-10-09T15:57:48","slug":"tinas-onskelista","status":"publish","type":"page","link":"https:\/\/familjen.larsen.vc\/?page_id=1207","title":{"rendered":"Tina&#8217;s \u00f6nskelista"},"content":{"rendered":"<p>H\u00e4r kommer Tina&#8217;s \u00f6nskelista att finnas n\u00e4r hon f\u00e5r tid och ork att fylla i den!<\/p>\n<ul>\n<li>Pyjamas med l\u00e5nga \u00e4rmar och byxor<\/li>\n<li>Nattlinne<\/li>\n<li>Strumpor i olika f\u00e4rger; strl. 39<\/li>\n<li>T-Shirts (lite exklusivare) Strl. XXL<\/li>\n<li>Regiss\u00f6rstol<\/li>\n<li>Trakt\u00f6rpanna 28cm<\/li>\n<li>Reflex vindjacka l\u00e5ng (hela jackan som reflex)<\/li>\n<li>Skridskor strlk. 39<\/li>\n<\/ul>\n","protected":false},"excerpt":{"rendered":"<p>H\u00e4r kommer Tina&#8217;s \u00f6nskelista att finnas n\u00e4r hon f\u00e5r tid och ork att fylla i den! Pyjamas med l\u00e5nga \u00e4rmar och byxor Nattlinne Strumpor i olika f\u00e4rger; strl. 39 T-Shirts (lite exklusivare) Strl. XXL Regiss\u00f6rstol Trakt\u00f6rpanna 28cm Reflex vindjacka l\u00e5ng (hela jackan som reflex) Skridskor strlk. 39<\/p>\n","protected":false},"author":1,"featured_media":0,"parent":305,"menu_order":0,"comment_status":"closed","ping_status":"open","template":"","meta":{"footnotes":""},"class_list":["post-1207","page","type-page","status-publish","hentry"],"_links":{"self":[{"href":"https:\/\/familjen.larsen.vc\/index.php?rest_route=\/wp\/v2\/pages\/1207","targetHints":{"allow":["GET"]}}],"collection":[{"href":"https:\/\/familjen.larsen.vc\/index.php?rest_route=\/wp\/v2\/pages"}],"about":[{"href":"https:\/\/familjen.larsen.vc\/index.php?rest_route=\/wp\/v2\/types\/page"}],"author":[{"embeddable":true,"href":"https:\/\/familjen.larsen.vc\/index.php?rest_route=\/wp\/v2\/users\/1"}],"replies":[{"embeddable":true,"href":"https:\/\/familjen.larsen.vc\/index.php?rest_route=%2Fwp%2Fv2%2Fcomments&post=1207"}],"version-history":[{"count":11,"href":"https:\/\/familjen.larsen.vc\/index.php?rest_route=\/wp\/v2\/pages\/1207\/revisions"}],"predecessor-version":[{"id":9890,"href":"https:\/\/familjen.larsen.vc\/index.php?rest_route=\/wp\/v2\/pages\/1207\/revisions\/9890"}],"up":[{"embeddable":true,"href":"https:\/\/familjen.larsen.vc\/index.php?rest_route=\/wp\/v2\/pages\/305"}],"wp:attachment":[{"href":"https:\/\/familjen.larsen.vc\/index.php?rest_route=%2Fwp%2Fv2%2Fmedia&parent=1207"}],"curies":[{"name":"wp","href":"https:\/\/api.w.org\/{rel}","templated":true}]}}